{"id":3547,"date":"2020-04-20T17:00:41","date_gmt":"2020-04-20T17:00:41","guid":{"rendered":"https:\/\/ds-barranquilla.org\/?page_id=3547"},"modified":"2022-08-09T11:06:26","modified_gmt":"2022-08-09T16:06:26","slug":"preguntas","status":"publish","type":"page","link":"https:\/\/ds-barranquilla.org\/de\/preguntas\/","title":{"rendered":"Preguntas Frecuentes"},"content":{"rendered":"<p>[vc_row el_id=&#8221;1518412282489-fac8bdfc-ec8e&#8221;][vc_column][rev_slider_vc alias=&#8221;preguntas&#8221;][\/vc_column][\/vc_row][vc_row full_width=&#8221;stretch_row&#8221; el_id=&#8221;1587074333640-936f1c70-3888&#8243; css=&#8221;.vc_custom_1587141651101{background-color: #f7f7f7 !important;}&#8221;][vc_column width=&#8221;1\/4&#8243; css=&#8221;.vc_custom_1587141768274{background-color: #ffffff !important;}&#8221; offset=&#8221;vc_hidden-sm vc_hidden-xs&#8221;][vc_raw_html]JTNDdGFibGUlMjBzdHlsZSUzRCUyMndpZHRoJTNBJTIwMTAwJTI1JTIyJTNFJTBBJTNDdGQlMjBiZ2NvbG9yJTNEJTIyJTIzQ0MzNTI0JTIyJTIwc3R5bGUlM0QlMjJmb250LXNpemUlM0ElMjAxNXB4JTNCJTIwbGluZS1oZWlnaHQlM0ElMjAyNXB4JTNCJTIwY29sb3IlM0ElMjAlMjNmZmZmZmYlM0IlMjBoZWlnaHQlM0ElMjA1MHB4JTNCJTIyJTNFJTBBJTNDc3Ryb25nJTNFJTI2bmJzcCUzQiUyNm5ic3AlM0JBZG1pc2lvbmVzJTNDJTJGc3Ryb25nJTNFJTBBJTNDJTJGdGQlM0UlMEElM0N0ciUzRSUwQSUzQ3RkJTIwYmdjb2xvciUzRCUyMiUyM0Y3RjdGNyUyMiUyMHN0eWxlJTNEJTIyZm9udC1zaXplJTNBJTIwMTVweCUzQiUyMGxpbmUtaGVpZ2h0JTNBJTIwMjVweCUzQiUyMGNvbG9yJTNBJTIwJTIzNkY2RjZGJTNCJTIwaGVpZ2h0JTNBJTIwNTBweCUzQiUyMiUzRSUwQSUzQ2ElMjBocmVmJTNEJTIyLi4lMkZhZG1pc2lvbmVzJTIyJTIwc3R5bGUlM0QlMjJ0ZXh0LWRlY29yYXRpb24lM0ElMjBub25lJTNCJTIwY29sb3IlM0ElMjAlMjM2RjZGNkYlM0IlMjIlM0UlMEElMjZuYnNwJTNCJTI2bmJzcCUzQiUwQSUyNm5ic3AlM0IlMjZuYnNwJTNCQWRtaXNpb25lcyUwQSUzQyUyRmElM0UlMEElM0MlMkZ0ZCUzRSUwQSUzQyUyRnRyJTNFJTBBJTNDdHIlM0UlMEElM0N0ZCUyMGJnY29sb3IlM0QlMjIlMjNGN0Y3RjclMjIlMjBzdHlsZSUzRCUyMmZvbnQtc2l6ZSUzQSUyMDE1cHglM0IlMjBsaW5lLWhlaWdodCUzQSUyMDI1cHglM0IlMjBjb2xvciUzQSUyMCUyMzZGNkY2RiUzQiUyMGhlaWdodCUzQSUyMDUwcHglM0IlMjIlM0UlMEElM0NhJTIwaHJlZiUzRCUyMi4uJTJGa2luZGVyJTIyJTIwc3R5bGUlM0QlMjJ0ZXh0LWRlY29yYXRpb24lM0ElMjBub25lJTNCJTIwY29sb3IlM0ElMjAlMjM2RjZGNkYlM0IlMjIlM0UlMEElMjZuYnNwJTNCJTI2bmJzcCUzQiUwQWtpbmRlcmtyaXBwZSUyMHklMjBQcmVraW5kZXIlMEElM0MlMkZhJTNFJTBBJTNDJTJGdGQlM0UlMEElM0MlMkZ0ciUzRSUwQSUzQ3RyJTNFJTBBJTNDdGQlMjBiZ2NvbG9yJTNEJTIyJTIzRjdGN0Y3JTIyJTIwc3R5bGUlM0QlMjJmb250LXNpemUlM0ElMjAxNXB4JTNCJTIwbGluZS1oZWlnaHQlM0ElMjAyNXB4JTNCJTIwY29sb3IlM0ElMjAlMjM2RjZGNkYlM0IlMjBoZWlnaHQlM0ElMjA1MHB4JTNCJTIyJTNFJTBBJTNDYSUyMGhyZWYlM0QlMjIuLiUyRm5pdmVsZXMlMjIlMjBzdHlsZSUzRCUyMnRleHQtZGVjb3JhdGlvbiUzQSUyMG5vbmUlM0IlMjBjb2xvciUzQSUyMCUyMzZGNkY2RiUzQiUyMiUzRSUwQSUyNm5ic3AlM0IlMjZuYnNwJTNCJTBBT3Ryb3MlMjBOaXZlbGVzJTBBJTNDJTJGYSUzRSUwQSUzQyUyRnRkJTNFJTBBJTNDJTJGdHIlM0UlMEElM0N0ciUzRSUwQSUzQ3RkJTIwYmdjb2xvciUzRCUyMiUyM0Q4RDhEOCUyMiUyMHN0eWxlJTNEJTIyZm9udC1zaXplJTNBJTIwMTVweCUzQiUyMGxpbmUtaGVpZ2h0JTNBJTIwMjVweCUzQiUyMGNvbG9yJTNBJTIwJTIzNkY2RjZGJTNCJTIwaGVpZ2h0JTNBJTIwNTBweCUzQiUyMiUzRSUwQSUzQ2ElMjBocmVmJTNEJTIyLi4lMkZwcmVndW50YXMlMjIlMjBzdHlsZSUzRCUyMnRleHQtZGVjb3JhdGlvbiUzQSUyMG5vbmUlM0IlMjBjb2xvciUzQSUyMCUyMzZGNkY2RiUzQiUyMiUzRSUwQSUyNm5ic3AlM0IlMjZuYnNwJTNCJTNDc3Ryb25nJTNFUHJlZ3VudGFzJTIwRnJlY3VlbnRlcyUwQSUzQyUyRnN0cm9uZyUzRSUwQSUzQyUyRmElM0UlMEElM0MlMkZ0ZCUzRSUwQSUzQyUyRnRyJTNFJTBBJTNDJTJGdGFibGUlM0U=[\/vc_raw_html][vc_column_text]<span style=\"color: #cc3524;\">Neuigkeiten<\/span>[\/vc_column_text][mpc_carousel_posts single_scroll=&#8221;true&#8221; loop=&#8221;true&#8221; auto_slide=&#8221;true&#8221; delay=&#8221;2000&#8243; rows=&#8221;1&#8243; cols=&#8221;1&#8243; gap=&#8221;0&#8243; start_at=&#8221;1&#8243; order=&#8221;DESC&#8221; thumb_height=&#8221;96&#8243; title_font_color=&#8221;#6f6f6f&#8221; title_font_size=&#8221;15&#8243; title_font_align=&#8221;left&#8221; meta_layout=&#8221;&#8221;][vc_empty_space height=&#8221;5px&#8221;][\/vc_column][vc_column width=&#8221;3\/4&#8243; css=&#8221;.vc_custom_1587141723647{background-color: #ffffff !important;}&#8221; offset=&#8221;vc_hidden-sm vc_hidden-xs&#8221;][vc_empty_space height=&#8221;30px&#8221;][vc_raw_html]JTNDcCUyMHN0eWxlJTNEJTIyZm9udC1zaXplJTNBJTIwMTJweCUzQiUyMGxpbmUtaGVpZ2h0JTNBJTIwMjJweCUzQiUyMGNvbG9yJTNBJTIwJTIzOUI5QTlBJTNCJTIyJTNFJTNDaW1nJTIwc3JjJTNEJTIyLi4lMkZ3cC1jb250ZW50JTJGdXBsb2FkcyUyRjIwMjAlMkYwNCUyRmhvbWUucG5nJTIyJTNFJTI2bmJzcCUzQiUyNm5ic3AlM0IlMjBIb21lJTIwJTJGJTIwQWRtaXNpb25lcyUyMCUyRiUyMFByZWd1bnRhcyUyMEZyZWN1ZW50ZXMlM0MlMkZwJTNF[\/vc_raw_html][vc_column_text]<\/p>\n<h3><span style=\"color: #cc3524;\">Preguntas Frecuentes<\/span><\/h3>\n<p>[\/vc_column_text][vc_empty_space height=&#8221;20px&#8221;][vc_column_text css=&#8221;.vc_custom_1587142561242{padding-right: 40px !important;}&#8221;]<\/p>\n<p style=\"font-size: 15px; line-heigth: 25px; color: #6f6f6f; text-align: justify;\">Mit ihrem mehr als 100-j\u00e4hrigen Bestehen ist die Deutsche Schule Barranquilla eine von der Regierung der Bundesrepublik Deutschland anerkannte und von der Zentralstelle f\u00fcr das Auslandsschulwesen (ZfA) zertifizierte Auslandsschule mit Exzellenzstatus und Teil eines Netzwerks von rund 140 deutschen Schulen weltweit.<\/p>\n<p style=\"font-size: 15px; line-heigth: 25px; color: #6f6f6f; text-align: justify;\">In R\u00e4umlichkeiten mit modernsten Standards werden unsere Sch\u00fcler*innen bei ihrer Entwicklung zu mehrsprachigen, demokratischen, kritischen und kreativen Weltb\u00fcrgern unterst\u00fctzt, die sich zudem aktiv f\u00fcr Toleranz einsetzen und wissen, wie Teamwork funktioniert.<\/p>\n<p style=\"font-size: 15px; line-heigth: 25px; color: #6f6f6f; text-align: justify;\">Die Deutsche Schule Barranquilla ist ein Ort mit einer hervorragenden Lernatmosph\u00e4re, an dem Menschen aus verschiedenen Kulturen zusammenkommen, um gemeinsam zu lernen und die Welt zu entdecken. Neben dem nationalen Abschluss haben unsere Sch\u00fcler*innen die M\u00f6glichkeit, das Internationale Baccalaureate Diplom (IB), das Deutsche Sprachdiplom I &amp; II sowie das Cambridge English: First Certificate (FCE) zu erlangen. Dadurch \u00f6ffnen sich f\u00fcr unsere Sch\u00fcler*nnen die T\u00fcren zu einem Studium in Deutschland und anderen Teilen der Welt und erhalten damit beste Voraussetzungen, um ihre beruflichen Entwicklungsm\u00f6glichkeiten auszubauen.<\/p>\n<p>[\/vc_column_text][vc_empty_space height=&#8221;5px&#8221;][\/vc_column][\/vc_row][vc_row full_width=&#8221;stretch_row&#8221; el_id=&#8221;1587149083807-b523837e-07c2&#8243; css=&#8221;.vc_custom_1587141651101{background-color: #f7f7f7 !important;}&#8221;][vc_column css=&#8221;.vc_custom_1587149298666{background-color: #ffffff !important;}&#8221; offset=&#8221;vc_hidden-lg vc_hidden-md&#8221;][vc_raw_html]JTNDcCUyMHN0eWxlJTNEJTIyZm9udC1zaXplJTNBJTIwMTJweCUzQiUyMGxpbmUtaGVpZ2h0JTNBJTIwMjJweCUzQiUyMGNvbG9yJTNBJTIwJTIzOUI5QTlBJTNCJTIyJTNFJTNDaW1nJTIwc3JjJTNEJTIyLi4lMkZ3cC1jb250ZW50JTJGdXBsb2FkcyUyRjIwMjAlMkYwNCUyRmhvbWUucG5nJTIyJTNFJTI2bmJzcCUzQiUyNm5ic3AlM0IlMjBIb21lJTIwJTJGJTIwTnVlc3RybyUyMENvbGVnaW8lMjAlMkYlMjBFbCUyMGNvbGVnaW8lM0MlMkZwJTNF[\/vc_raw_html][vc_column_text]<\/p>\n<h3><span style=\"color: #cc3524;\">Preguntas Frecuentes<\/span><\/h3>\n<p>[\/vc_column_text][vc_empty_space height=&#8221;20px&#8221;][vc_column_text css=&#8221;.vc_custom_1587149241138{padding-right: 10px !important;padding-left: 10px !important;}&#8221;]<\/p>\n<p style=\"font-size: 15px; line-heigth: 25px; color: #6f6f6f; text-align: justify;\">Mit ihrem mehr als 100-j\u00e4hrigen Bestehen ist die Deutsche Schule Barranquilla eine von der Regierung der Bundesrepublik Deutschland anerkannte und von der Zentralstelle f\u00fcr das Auslandsschulwesen (ZfA) zertifizierte Auslandsschule mit Exzellenzstatus und Teil eines Netzwerks von rund 140 deutschen Schulen weltweit.<\/p>\n<p style=\"font-size: 15px; line-heigth: 25px; color: #6f6f6f; text-align: justify;\">In R\u00e4umlichkeiten mit modernsten Standards werden unsere Sch\u00fcler*innen bei ihrer Entwicklung zu mehrsprachigen, demokratischen, kritischen und kreativen Weltb\u00fcrgern unterst\u00fctzt, die sich zudem aktiv f\u00fcr Toleranz einsetzen und wissen, wie Teamwork funktioniert.<\/p>\n<p style=\"font-size: 15px; line-heigth: 25px; color: #6f6f6f; text-align: justify;\">Die Deutsche Schule Barranquilla ist ein Ort mit einer hervorragenden Lernatmosph\u00e4re, an dem Menschen aus verschiedenen Kulturen zusammenkommen, um gemeinsam zu lernen und die Welt zu entdecken. Neben dem nationalen Abschluss haben unsere Sch\u00fcler*innen die M\u00f6glichkeit, das Internationale Baccalaureate Diplom (IB), das Deutsche Sprachdiplom I &amp; II sowie das Cambridge English: First Certificate (FCE) zu erlangen. Dadurch \u00f6ffnen sich f\u00fcr unsere Sch\u00fcler*nnen die T\u00fcren zu einem Studium in Deutschland und anderen Teilen der Welt und erhalten damit beste Voraussetzungen, um ihre beruflichen Entwicklungsm\u00f6glichkeiten auszubauen.<\/p>\n<p>[\/vc_column_text][vc_empty_space height=&#8221;20px&#8221;][vc_single_image image=&#8221;3464&#8243; img_size=&#8221;full&#8221; alignment=&#8221;center&#8221; onclick=&#8221;link_image&#8221; css=&#8221;.vc_custom_1587149261833{padding-right: 10px !important;padding-left: 10px !important;}&#8221;][vc_empty_space height=&#8221;20px&#8221;][vc_column_text]<span style=\"color: #cc3524;\">Neuigkeiten<\/span>[\/vc_column_text][mpc_carousel_posts single_scroll=&#8221;true&#8221; loop=&#8221;true&#8221; auto_slide=&#8221;true&#8221; delay=&#8221;2000&#8243; rows=&#8221;1&#8243; cols=&#8221;1&#8243; gap=&#8221;0&#8243; start_at=&#8221;1&#8243; order=&#8221;DESC&#8221; thumb_height=&#8221;96&#8243; title_font_color=&#8221;#333333&#8243; title_font_size=&#8221;15&#8243; title_font_align=&#8221;left&#8221;][\/vc_column][\/vc_row][vc_row full_width=&#8221;stretch_row&#8221; el_id=&#8221;1587073739535-4105f8a3-7d3b&#8221; css=&#8221;.vc_custom_1587073939488{background-color: #f7f7f7 !important;}&#8221;][vc_column offset=&#8221;vc_hidden-sm vc_hidden-xs&#8221;][vc_empty_space height=&#8221;40px&#8221;][vc_row_inner][vc_column_inner width=&#8221;1\/6&#8243;][vc_single_image image=&#8221;5192&#8243; img_size=&#8221;130&#215;130&#8243; alignment=&#8221;center&#8221; onclick=&#8221;custom_link&#8221; img_link_target=&#8221;_blank&#8221; link=&#8221;https:\/\/www.auslandsschulwesen.de\/Webs\/ZfA\/DE\/Schulnetz\/DAS\/das_node.html&#8221;][\/vc_column_inner][vc_column_inner width=&#8221;1\/6&#8243;][vc_single_image image=&#8221;5191&#8243; img_size=&#8221;100&#215;100&#8243; alignment=&#8221;center&#8221; onclick=&#8221;custom_link&#8221; img_link_target=&#8221;_blank&#8221; link=&#8221;https:\/\/www.pasch-net.de\/de\/index.html&#8221;][\/vc_column_inner][vc_column_inner width=&#8221;1\/6&#8243;][vc_single_image image=&#8221;5196&#8243; img_size=&#8221;100&#215;100&#8243; alignment=&#8221;center&#8221; onclick=&#8221;custom_link&#8221; img_link_target=&#8221;_blank&#8221; link=&#8221;https:\/\/www.auslandsschulnetz.de\/wws\/home.php?sid=31069620302231679342971277127460&#8243;][\/vc_column_inner][vc_column_inner width=&#8221;1\/6&#8243;][vc_single_image image=&#8221;5193&#8243; img_size=&#8221;130&#215;130&#8243; alignment=&#8221;center&#8221;][\/vc_column_inner][vc_column_inner width=&#8221;1\/6&#8243;][vc_single_image image=&#8221;5194&#8243; img_size=&#8221;100&#215;100&#8243; alignment=&#8221;center&#8221; onclick=&#8221;custom_link&#8221; img_link_target=&#8221;_blank&#8221; link=&#8221;https:\/\/www.ibo.org\/es\/&#8221;][\/vc_column_inner][vc_column_inner width=&#8221;1\/6&#8243;][vc_single_image image=&#8221;5195&#8243; img_size=&#8221;100&#215;100&#8243; alignment=&#8221;center&#8221; onclick=&#8221;custom_link&#8221; img_link_target=&#8221;_blank&#8221; link=&#8221;https:\/\/www.bureauveritascertification.com\/co\/&#8221;][\/vc_column_inner][\/vc_row_inner][vc_empty_space height=&#8221;40px&#8221;][\/vc_column][\/vc_row][vc_row full_width=&#8221;stretch_row&#8221; el_id=&#8221;1587148932170-649e7040-cc73&#8243; css=&#8221;.vc_custom_1587073939488{background-color: #f7f7f7 !important;}&#8221;][vc_column offset=&#8221;vc_hidden-lg vc_hidden-md&#8221;][vc_empty_space height=&#8221;40px&#8221;][vc_images_carousel images=&#8221;3397,3398,3401,3399,3400,3396&#8243; img_size=&#8221;full&#8221; onclick=&#8221;link_no&#8221; speed=&#8221;3000&#8243; slides_per_view=&#8221;2&#8243; autoplay=&#8221;yes&#8221; hide_pagination_control=&#8221;yes&#8221; hide_prev_next_buttons=&#8221;yes&#8221; wrap=&#8221;yes&#8221;][\/vc_column][\/vc_row]<\/p>","protected":false},"excerpt":{"rendered":"<p>Mit ihrem mehr als 100-j\u00e4hrigen Bestehen ist die Deutsche Schule Barranquilla eine von der Regierung der Bundesrepublik Deutschland anerkannte und von der Zentralstelle f\u00fcr das Auslandsschulwesen (ZfA) zertifizierte Auslandsschule mit Exzellenzstatus und Teil eines Netzwerks von rund 140 deutschen Schulen weltweit.<\/p>","protected":false},"author":16,"featured_media":17068,"parent":0,"menu_order":0,"comment_status":"closed","ping_status":"closed","template":"","meta":{"_exactmetrics_skip_tracking":false,"_exactmetrics_sitenote_active":false,"_exactmetrics_sitenote_note":"","_exactmetrics_sitenote_category":0,"_joinchat":[],"footnotes":""},"class_list":["post-3547","page","type-page","status-publish","has-post-thumbnail","hentry"],"yoast_head":"<!-- This site is optimized with the Yoast SEO plugin v23.3 - https:\/\/yoast.com\/wordpress\/plugins\/seo\/ -->\n<title>Colegio Alem\u00e1n &#8211; Los Mejores Colegios de Colombia &#8211; Colegio Triling\u00fce <\/title>\n<meta name=\"robots\" content=\"index, follow, max-snippet:-1, max-image-preview:large, max-video-preview:-1\" \/>\n<link rel=\"canonical\" href=\"https:\/\/ds-barranquilla.org\/de\/preguntas\/\" \/>\n<meta property=\"og:locale\" content=\"de_DE\" \/>\n<meta property=\"og:type\" content=\"article\" \/>\n<meta property=\"og:description\" content=\"Con m\u00e1s de 100 a\u00f1os de existencia, el Colegio Alem\u00e1n de Barranquilla es una instituci\u00f3n de excelencia en el extranjero, reconocida por el Gobierno de la Rep\u00fablica Federal de Alemania y certificado por la Agencia Central para los Colegios Alemanes en el Extranjero (ZfA), haciendo parte de una red de alrededor de 140 colegios alemanes a nivel global.\" \/>\n<meta property=\"og:url\" content=\"https:\/\/ds-barranquilla.org\/de\/preguntas\/\" \/>\n<meta property=\"og:site_name\" content=\"Colegio Alem\u00e1n - Los Mejores Colegios de Colombia - Colegio Triling\u00fce\" \/>\n<meta property=\"article:publisher\" content=\"https:\/\/www.facebook.com\/ColegioAlemanBaq\/\" \/>\n<meta property=\"article:modified_time\" content=\"2022-08-09T16:06:26+00:00\" \/>\n<meta property=\"og:image\" content=\"https:\/\/ds-barranquilla.org\/wp-content\/uploads\/2022\/08\/Preguntas-frecuentes-1024x239-1.jpg\" \/>\n\t<meta property=\"og:image:width\" content=\"1024\" \/>\n\t<meta property=\"og:image:height\" content=\"239\" \/>\n\t<meta property=\"og:image:type\" content=\"image\/jpeg\" \/>\n<meta name=\"twitter:card\" content=\"summary_large_image\" \/>\n<meta name=\"twitter:site\" content=\"@ColegioAlemanBq\" \/>\n<meta name=\"twitter:label1\" content=\"Gesch\u00e4tzte Lesezeit\" \/>\n\t<meta name=\"twitter:data1\" content=\"3\u00a0Minuten\" \/>\n<script type=\"application\/ld+json\" class=\"yoast-schema-graph\">{\"@context\":\"https:\/\/schema.org\",\"@graph\":[{\"@type\":\"WebPage\",\"@id\":\"https:\/\/ds-barranquilla.org\/preguntas\/\",\"url\":\"https:\/\/ds-barranquilla.org\/preguntas\/\",\"name\":\"\",\"isPartOf\":{\"@id\":\"https:\/\/ds-barranquilla.org\/#website\"},\"primaryImageOfPage\":{\"@id\":\"https:\/\/ds-barranquilla.org\/preguntas\/#primaryimage\"},\"image\":{\"@id\":\"https:\/\/ds-barranquilla.org\/preguntas\/#primaryimage\"},\"thumbnailUrl\":\"https:\/\/ds-barranquilla.org\/wp-content\/uploads\/2022\/08\/Preguntas-frecuentes-1024x239-1.jpg\",\"datePublished\":\"2020-04-20T17:00:41+00:00\",\"dateModified\":\"2022-08-09T16:06:26+00:00\",\"breadcrumb\":{\"@id\":\"https:\/\/ds-barranquilla.org\/preguntas\/#breadcrumb\"},\"inLanguage\":\"de\",\"potentialAction\":[{\"@type\":\"ReadAction\",\"target\":[\"https:\/\/ds-barranquilla.org\/preguntas\/\"]}]},{\"@type\":\"ImageObject\",\"inLanguage\":\"de\",\"@id\":\"https:\/\/ds-barranquilla.org\/preguntas\/#primaryimage\",\"url\":\"https:\/\/ds-barranquilla.org\/wp-content\/uploads\/2022\/08\/Preguntas-frecuentes-1024x239-1.jpg\",\"contentUrl\":\"https:\/\/ds-barranquilla.org\/wp-content\/uploads\/2022\/08\/Preguntas-frecuentes-1024x239-1.jpg\",\"width\":1024,\"height\":239},{\"@type\":\"BreadcrumbList\",\"@id\":\"https:\/\/ds-barranquilla.org\/preguntas\/#breadcrumb\",\"itemListElement\":[{\"@type\":\"ListItem\",\"position\":1,\"name\":\"Portada\",\"item\":\"https:\/\/ds-barranquilla.org\/\"},{\"@type\":\"ListItem\",\"position\":2,\"name\":\"Preguntas Frecuentes\"}]},{\"@type\":\"WebSite\",\"@id\":\"https:\/\/ds-barranquilla.org\/#website\",\"url\":\"https:\/\/ds-barranquilla.org\/\",\"name\":\"Colegio Alem\u00e1n - Los Mejores Colegios de Colombia - Colegio Triling\u00fce\",\"description\":\"Colegio Alem\u00e1n  Barranquilla Colombia - Colegio Biling\u00fce - Triling\u00fce - El Mejor Colegio de Colombia\",\"publisher\":{\"@id\":\"https:\/\/ds-barranquilla.org\/#organization\"},\"potentialAction\":[{\"@type\":\"SearchAction\",\"target\":{\"@type\":\"EntryPoint\",\"urlTemplate\":\"https:\/\/ds-barranquilla.org\/?s={search_term_string}\"},\"query-input\":\"required name=search_term_string\"}],\"inLanguage\":\"de\"},{\"@type\":\"Organization\",\"@id\":\"https:\/\/ds-barranquilla.org\/#organization\",\"name\":\"Colegio Alem\u00e1n Barranquilla\",\"url\":\"https:\/\/ds-barranquilla.org\/\",\"logo\":{\"@type\":\"ImageObject\",\"inLanguage\":\"de\",\"@id\":\"https:\/\/ds-barranquilla.org\/#\/schema\/logo\/image\/\",\"url\":\"https:\/\/ds-barranquilla.org\/wp-content\/uploads\/2021\/05\/coleman_logo_2.png\",\"contentUrl\":\"https:\/\/ds-barranquilla.org\/wp-content\/uploads\/2021\/05\/coleman_logo_2.png\",\"width\":418,\"height\":307,\"caption\":\"Colegio Alem\u00e1n Barranquilla\"},\"image\":{\"@id\":\"https:\/\/ds-barranquilla.org\/#\/schema\/logo\/image\/\"},\"sameAs\":[\"https:\/\/www.facebook.com\/ColegioAlemanBaq\/\",\"https:\/\/x.com\/ColegioAlemanBq\",\"https:\/\/www.instagram.com\/colegioalemanbaq\/\",\"https:\/\/www.linkedin.com\/school\/deutsche-schule-barranquilla\/\",\"https:\/\/www.youtube.com\/channel\/UCOOGZQCVs6aYRqIWvSN5agQ\"]}]}<\/script>\n<!-- \/ Yoast SEO plugin. -->","yoast_head_json":{"title":"Colegio Alem\u00e1n &#8211; Los Mejores Colegios de Colombia &#8211; Colegio Triling\u00fce ","robots":{"index":"index","follow":"follow","max-snippet":"max-snippet:-1","max-image-preview":"max-image-preview:large","max-video-preview":"max-video-preview:-1"},"canonical":"https:\/\/ds-barranquilla.org\/de\/preguntas\/","og_locale":"de_DE","og_type":"article","og_description":"Con m\u00e1s de 100 a\u00f1os de existencia, el Colegio Alem\u00e1n de Barranquilla es una instituci\u00f3n de excelencia en el extranjero, reconocida por el Gobierno de la Rep\u00fablica Federal de Alemania y certificado por la Agencia Central para los Colegios Alemanes en el Extranjero (ZfA), haciendo parte de una red de alrededor de 140 colegios alemanes a nivel global.","og_url":"https:\/\/ds-barranquilla.org\/de\/preguntas\/","og_site_name":"Colegio Alem\u00e1n - Los Mejores Colegios de Colombia - Colegio Triling\u00fce","article_publisher":"https:\/\/www.facebook.com\/ColegioAlemanBaq\/","article_modified_time":"2022-08-09T16:06:26+00:00","og_image":[{"width":1024,"height":239,"url":"https:\/\/ds-barranquilla.org\/wp-content\/uploads\/2022\/08\/Preguntas-frecuentes-1024x239-1.jpg","type":"image\/jpeg"}],"twitter_card":"summary_large_image","twitter_site":"@ColegioAlemanBq","twitter_misc":{"Gesch\u00e4tzte Lesezeit":"3\u00a0Minuten"},"schema":{"@context":"https:\/\/schema.org","@graph":[{"@type":"WebPage","@id":"https:\/\/ds-barranquilla.org\/preguntas\/","url":"https:\/\/ds-barranquilla.org\/preguntas\/","name":"","isPartOf":{"@id":"https:\/\/ds-barranquilla.org\/#website"},"primaryImageOfPage":{"@id":"https:\/\/ds-barranquilla.org\/preguntas\/#primaryimage"},"image":{"@id":"https:\/\/ds-barranquilla.org\/preguntas\/#primaryimage"},"thumbnailUrl":"https:\/\/ds-barranquilla.org\/wp-content\/uploads\/2022\/08\/Preguntas-frecuentes-1024x239-1.jpg","datePublished":"2020-04-20T17:00:41+00:00","dateModified":"2022-08-09T16:06:26+00:00","breadcrumb":{"@id":"https:\/\/ds-barranquilla.org\/preguntas\/#breadcrumb"},"inLanguage":"de","potentialAction":[{"@type":"ReadAction","target":["https:\/\/ds-barranquilla.org\/preguntas\/"]}]},{"@type":"ImageObject","inLanguage":"de","@id":"https:\/\/ds-barranquilla.org\/preguntas\/#primaryimage","url":"https:\/\/ds-barranquilla.org\/wp-content\/uploads\/2022\/08\/Preguntas-frecuentes-1024x239-1.jpg","contentUrl":"https:\/\/ds-barranquilla.org\/wp-content\/uploads\/2022\/08\/Preguntas-frecuentes-1024x239-1.jpg","width":1024,"height":239},{"@type":"BreadcrumbList","@id":"https:\/\/ds-barranquilla.org\/preguntas\/#breadcrumb","itemListElement":[{"@type":"ListItem","position":1,"name":"Portada","item":"https:\/\/ds-barranquilla.org\/"},{"@type":"ListItem","position":2,"name":"Preguntas Frecuentes"}]},{"@type":"WebSite","@id":"https:\/\/ds-barranquilla.org\/#website","url":"https:\/\/ds-barranquilla.org\/","name":"Colegio Alem\u00e1n - Los Mejores Colegios de Colombia - Colegio Triling\u00fce","description":"Colegio Alem\u00e1n  Barranquilla Colombia - Colegio Biling\u00fce - Triling\u00fce - El Mejor Colegio de Colombia","publisher":{"@id":"https:\/\/ds-barranquilla.org\/#organization"},"potentialAction":[{"@type":"SearchAction","target":{"@type":"EntryPoint","urlTemplate":"https:\/\/ds-barranquilla.org\/?s={search_term_string}"},"query-input":"required name=search_term_string"}],"inLanguage":"de"},{"@type":"Organization","@id":"https:\/\/ds-barranquilla.org\/#organization","name":"Colegio Alem\u00e1n Barranquilla","url":"https:\/\/ds-barranquilla.org\/","logo":{"@type":"ImageObject","inLanguage":"de","@id":"https:\/\/ds-barranquilla.org\/#\/schema\/logo\/image\/","url":"https:\/\/ds-barranquilla.org\/wp-content\/uploads\/2021\/05\/coleman_logo_2.png","contentUrl":"https:\/\/ds-barranquilla.org\/wp-content\/uploads\/2021\/05\/coleman_logo_2.png","width":418,"height":307,"caption":"Colegio Alem\u00e1n Barranquilla"},"image":{"@id":"https:\/\/ds-barranquilla.org\/#\/schema\/logo\/image\/"},"sameAs":["https:\/\/www.facebook.com\/ColegioAlemanBaq\/","https:\/\/x.com\/ColegioAlemanBq","https:\/\/www.instagram.com\/colegioalemanbaq\/","https:\/\/www.linkedin.com\/school\/deutsche-schule-barranquilla\/","https:\/\/www.youtube.com\/channel\/UCOOGZQCVs6aYRqIWvSN5agQ"]}]}},"_links":{"self":[{"href":"https:\/\/ds-barranquilla.org\/de\/wp-json\/wp\/v2\/pages\/3547"}],"collection":[{"href":"https:\/\/ds-barranquilla.org\/de\/wp-json\/wp\/v2\/pages"}],"about":[{"href":"https:\/\/ds-barranquilla.org\/de\/wp-json\/wp\/v2\/types\/page"}],"author":[{"embeddable":true,"href":"https:\/\/ds-barranquilla.org\/de\/wp-json\/wp\/v2\/users\/16"}],"replies":[{"embeddable":true,"href":"https:\/\/ds-barranquilla.org\/de\/wp-json\/wp\/v2\/comments?post=3547"}],"version-history":[{"count":10,"href":"https:\/\/ds-barranquilla.org\/de\/wp-json\/wp\/v2\/pages\/3547\/revisions"}],"predecessor-version":[{"id":17069,"href":"https:\/\/ds-barranquilla.org\/de\/wp-json\/wp\/v2\/pages\/3547\/revisions\/17069"}],"wp:featuredmedia":[{"embeddable":true,"href":"https:\/\/ds-barranquilla.org\/de\/wp-json\/wp\/v2\/media\/17068"}],"wp:attachment":[{"href":"https:\/\/ds-barranquilla.org\/de\/wp-json\/wp\/v2\/media?parent=3547"}],"curies":[{"name":"wp","href":"https:\/\/api.w.org\/{rel}","templated":true}]}}