{"id":6141,"date":"2020-10-23T09:16:45","date_gmt":"2020-10-23T14:16:45","guid":{"rendered":"https:\/\/ds-barranquilla.org\/?page_id=6141"},"modified":"2021-12-16T10:42:38","modified_gmt":"2021-12-16T15:42:38","slug":"start","status":"publish","type":"page","link":"https:\/\/ds-barranquilla.org\/de\/start\/","title":{"rendered":"Start"},"content":{"rendered":"<p>[vc_row el_id=&#8221;1518412282489-fac8bdfc-ec8e&#8221;][vc_column][rev_slider_vc alias=&#8221;nuevo_home&#8221;][rev_slider_vc alias=&#8221;columnas&#8221;][\/vc_column][\/vc_row][vc_row full_width=&#8221;stretch_row&#8221; el_id=&#8221;1587063088847-6328c903-a83e&#8221; css=&#8221;.vc_custom_1587067096731{background-color: #f7f7f7 !important;}&#8221;][vc_column][vc_column_text]<\/p>\n<h3><span style=\"color: #cc3524;\">Pr\u00f3ximos Eventos<\/span><\/h3>\n<p>[\/vc_column_text][vc_empty_space height=&#8221;20px&#8221;][\/vc_column][\/vc_row][vc_row full_width=&#8221;stretch_row&#8221; el_id=&#8221;1587574405319-7d266b7a-11ae&#8221; css=&#8221;.vc_custom_1587994277742{background-color: #ffffff !important;}&#8221;][vc_column width=&#8221;1\/2&#8243; css=&#8221;.vc_custom_1587586515840{background-color: #ffffff !important;}&#8221; offset=&#8221;vc_hidden-sm vc_hidden-xs&#8221;][vc_raw_html]JTVCTUVDJTIwaWQlM0QlMjIzNzUwJTIyJTVE[\/vc_raw_html][\/vc_column][vc_column width=&#8221;1\/2&#8243; css=&#8221;.vc_custom_1587586527357{background-color: #ffffff !important;}&#8221; offset=&#8221;vc_hidden-sm vc_hidden-xs&#8221;][vc_raw_html]JTVCTUVDJTIwaWQlM0QlMjIzNzYzJTIyJTVE[\/vc_raw_html][vc_empty_space height=&#8221;40px&#8221;][vc_empty_space height=&#8221;33px&#8221;][\/vc_column][\/vc_row][vc_row full_width=&#8221;stretch_row&#8221; el_id=&#8221;1587586530144-c2186b9f-5eed&#8221; css=&#8221;.vc_custom_1587067096731{background-color: #f7f7f7 !important;}&#8221;][vc_column css=&#8221;.vc_custom_1587586556518{background-color: #ffffff !important;}&#8221; offset=&#8221;vc_hidden-lg vc_hidden-md&#8221;][vc_raw_html]JTVCTUVDJTIwaWQlM0QlMjIzNzkwJTIyJTVE[\/vc_raw_html][\/vc_column][\/vc_row][vc_row full_width=&#8221;stretch_row&#8221; el_id=&#8221;1587573669513-5722dcd8-0703&#8243; css=&#8221;.vc_custom_1587067096731{background-color: #f7f7f7 !important;}&#8221;][vc_column][vc_column_text]<span style=\"color: #cc3524;\">Neuigkeiten<\/span>[\/vc_column_text][vc_raw_html]JTVCcG9zdC1jYXJvdXNlbCUyMGlkJTNEJTIyMzM5NCUyMiU1RA==[\/vc_raw_html][\/vc_column][\/vc_row][vc_row full_width=&#8221;stretch_row&#8221; el_id=&#8221;1587073739535-4105f8a3-7d3b&#8221; css=&#8221;.vc_custom_1587073939488{background-color: #f7f7f7 !important;}&#8221;][vc_column offset=&#8221;vc_hidden-sm vc_hidden-xs&#8221;][vc_empty_space height=&#8221;40px&#8221;][vc_row_inner][vc_column_inner width=&#8221;1\/6&#8243;][vc_single_image image=&#8221;5192&#8243; img_size=&#8221;130&#215;130&#8243; alignment=&#8221;center&#8221; onclick=&#8221;custom_link&#8221; img_link_target=&#8221;_blank&#8221; link=&#8221;https:\/\/www.auslandsschulwesen.de\/Webs\/ZfA\/DE\/Schulnetz\/DAS\/das_node.html&#8221;][\/vc_column_inner][vc_column_inner width=&#8221;1\/6&#8243;][vc_single_image image=&#8221;5191&#8243; img_size=&#8221;100&#215;100&#8243; alignment=&#8221;center&#8221; onclick=&#8221;custom_link&#8221; img_link_target=&#8221;_blank&#8221; link=&#8221;https:\/\/www.pasch-net.de\/de\/index.html&#8221;][\/vc_column_inner][vc_column_inner width=&#8221;1\/6&#8243;][vc_single_image image=&#8221;5196&#8243; img_size=&#8221;100&#215;100&#8243; alignment=&#8221;center&#8221; onclick=&#8221;custom_link&#8221; img_link_target=&#8221;_blank&#8221; link=&#8221;https:\/\/www.auslandsschulnetz.de\/wws\/home.php?sid=31069620302231679342971277127460&#8243;][\/vc_column_inner][vc_column_inner width=&#8221;1\/6&#8243;][vc_single_image image=&#8221;5193&#8243; img_size=&#8221;130&#215;130&#8243; alignment=&#8221;center&#8221;][\/vc_column_inner][vc_column_inner width=&#8221;1\/6&#8243;][vc_single_image image=&#8221;5194&#8243; img_size=&#8221;100&#215;100&#8243; alignment=&#8221;center&#8221; onclick=&#8221;custom_link&#8221; img_link_target=&#8221;_blank&#8221; link=&#8221;https:\/\/www.ibo.org\/es\/&#8221;][\/vc_column_inner][vc_column_inner width=&#8221;1\/6&#8243;][vc_single_image image=&#8221;5195&#8243; img_size=&#8221;100&#215;100&#8243; alignment=&#8221;center&#8221; onclick=&#8221;custom_link&#8221; img_link_target=&#8221;_blank&#8221; link=&#8221;https:\/\/www.bureauveritascertification.com\/co\/&#8221;][\/vc_column_inner][\/vc_row_inner][vc_empty_space height=&#8221;40px&#8221;][\/vc_column][\/vc_row][vc_row full_width=&#8221;stretch_row&#8221; el_id=&#8221;1587148932170-649e7040-cc73&#8243; css=&#8221;.vc_custom_1587073939488{background-color: #f7f7f7 !important;}&#8221;][vc_column offset=&#8221;vc_hidden-lg vc_hidden-md&#8221;][vc_empty_space height=&#8221;40px&#8221;][vc_images_carousel images=&#8221;3397,3398,3401,3399,3400,3396&#8243; img_size=&#8221;full&#8221; onclick=&#8221;link_no&#8221; speed=&#8221;3000&#8243; slides_per_view=&#8221;2&#8243; autoplay=&#8221;yes&#8221; hide_pagination_control=&#8221;yes&#8221; hide_prev_next_buttons=&#8221;yes&#8221; wrap=&#8221;yes&#8221;][\/vc_column][\/vc_row]<\/p>","protected":false},"excerpt":{"rendered":"<p>[vc_row el_id=&#8221;1518412282489-fac8bdfc-ec8e&#8221;][vc_column][rev_slider_vc alias=&#8221;nuevo_home&#8221;][rev_slider_vc alias=&#8221;columnas&#8221;][\/vc_column][\/vc_row][vc_row full_width=&#8221;stretch_row&#8221; el_id=&#8221;1587063088847-6328c903-a83e&#8221; css=&#8221;.vc_custom_1587067096731{background-color: #f7f7f7 !important;}&#8221;][vc_column][vc_column_text] Pr\u00f3ximos Eventos [\/vc_column_text][vc_empty_space height=&#8221;20px&#8221;][\/vc_column][\/vc_row][vc_row full_width=&#8221;stretch_row&#8221; el_id=&#8221;1587574405319-7d266b7a-11ae&#8221; css=&#8221;.vc_custom_1587994277742{background-color: #ffffff !important;}&#8221;][vc_column width=&#8221;1\/2&#8243; css=&#8221;.vc_custom_1587586515840{background-color: #ffffff !important;}&#8221; offset=&#8221;vc_hidden-sm vc_hidden-xs&#8221;][vc_raw_html]JTVCTUVDJTIwaWQlM0QlMjIzNzUwJTIyJTVE[\/vc_raw_html][\/vc_column][vc_column width=&#8221;1\/2&#8243; css=&#8221;.vc_custom_1587586527357{background-color:<span class=\"excerpt-hellip\"> [\u2026]<\/span><\/p>","protected":false},"author":16,"featured_media":0,"parent":0,"menu_order":0,"comment_status":"closed","ping_status":"closed","template":"templates\/full-width.php","meta":{"_exactmetrics_skip_tracking":false,"_exactmetrics_sitenote_active":false,"_exactmetrics_sitenote_note":"","_exactmetrics_sitenote_category":0,"_joinchat":[],"footnotes":""},"class_list":["post-6141","page","type-page","status-publish","hentry"],"yoast_head":"<!-- This site is optimized with the Yoast SEO plugin v23.3 - https:\/\/yoast.com\/wordpress\/plugins\/seo\/ -->\n<title>Colegio Alem\u00e1n &#8211; Los Mejores Colegios de Colombia &#8211; Colegio Triling\u00fce<\/title>\n<meta name=\"robots\" content=\"noindex, follow, max-snippet:-1, max-image-preview:large, max-video-preview:-1\" \/>\n<meta property=\"og:locale\" content=\"de_DE\" \/>\n<meta property=\"og:type\" content=\"article\" \/>\n<meta property=\"og:description\" content=\"[vc_row el_id=&#8221;1518412282489-fac8bdfc-ec8e&#8221;][vc_column][rev_slider_vc alias=&#8221;nuevo_home&#8221;][rev_slider_vc alias=&#8221;columnas&#8221;][\/vc_column][\/vc_row][vc_row full_width=&#8221;stretch_row&#8221; el_id=&#8221;1587063088847-6328c903-a83e&#8221; css=&#8221;.vc_custom_1587067096731{background-color: #f7f7f7 !important;}&#8221;][vc_column][vc_column_text] Pr\u00f3ximos Eventos [\/vc_column_text][vc_empty_space height=&#8221;20px&#8221;][\/vc_column][\/vc_row][vc_row full_width=&#8221;stretch_row&#8221; el_id=&#8221;1587574405319-7d266b7a-11ae&#8221; css=&#8221;.vc_custom_1587994277742{background-color: #ffffff !important;}&#8221;][vc_column width=&#8221;1\/2&#8243; css=&#8221;.vc_custom_1587586515840{background-color: #ffffff !important;}&#8221; offset=&#8221;vc_hidden-sm vc_hidden-xs&#8221;][vc_raw_html]JTVCTUVDJTIwaWQlM0QlMjIzNzUwJTIyJTVE[\/vc_raw_html][\/vc_column][vc_column width=&#8221;1\/2&#8243; css=&#8221;.vc_custom_1587586527357{background-color: [\u2026]\" \/>\n<meta property=\"og:url\" content=\"https:\/\/ds-barranquilla.org\/de\/start\/\" \/>\n<meta property=\"og:site_name\" content=\"Colegio Alem\u00e1n - Los Mejores Colegios de Colombia - Colegio Triling\u00fce\" \/>\n<meta property=\"article:publisher\" content=\"https:\/\/www.facebook.com\/ColegioAlemanBaq\/\" \/>\n<meta property=\"article:modified_time\" content=\"2021-12-16T15:42:38+00:00\" \/>\n<meta name=\"twitter:card\" content=\"summary_large_image\" \/>\n<meta name=\"twitter:site\" content=\"@ColegioAlemanBq\" \/>\n<meta name=\"twitter:label1\" content=\"Gesch\u00e4tzte Lesezeit\" \/>\n\t<meta name=\"twitter:data1\" content=\"1\u00a0Minute\" \/>\n<script type=\"application\/ld+json\" class=\"yoast-schema-graph\">{\"@context\":\"https:\/\/schema.org\",\"@graph\":[{\"@type\":\"WebPage\",\"@id\":\"https:\/\/ds-barranquilla.org\/start\/\",\"url\":\"https:\/\/ds-barranquilla.org\/start\/\",\"name\":\"\",\"isPartOf\":{\"@id\":\"https:\/\/ds-barranquilla.org\/#website\"},\"datePublished\":\"2020-10-23T14:16:45+00:00\",\"dateModified\":\"2021-12-16T15:42:38+00:00\",\"breadcrumb\":{\"@id\":\"https:\/\/ds-barranquilla.org\/start\/#breadcrumb\"},\"inLanguage\":\"de\",\"potentialAction\":[{\"@type\":\"ReadAction\",\"target\":[\"https:\/\/ds-barranquilla.org\/start\/\"]}]},{\"@type\":\"BreadcrumbList\",\"@id\":\"https:\/\/ds-barranquilla.org\/start\/#breadcrumb\",\"itemListElement\":[{\"@type\":\"ListItem\",\"position\":1,\"name\":\"Portada\",\"item\":\"https:\/\/ds-barranquilla.org\/\"},{\"@type\":\"ListItem\",\"position\":2,\"name\":\"Start\"}]},{\"@type\":\"WebSite\",\"@id\":\"https:\/\/ds-barranquilla.org\/#website\",\"url\":\"https:\/\/ds-barranquilla.org\/\",\"name\":\"Colegio Alem\u00e1n - Los Mejores Colegios de Colombia - Colegio Triling\u00fce\",\"description\":\"Colegio Alem\u00e1n  Barranquilla Colombia - Colegio Biling\u00fce - Triling\u00fce - El Mejor Colegio de Colombia\",\"publisher\":{\"@id\":\"https:\/\/ds-barranquilla.org\/#organization\"},\"potentialAction\":[{\"@type\":\"SearchAction\",\"target\":{\"@type\":\"EntryPoint\",\"urlTemplate\":\"https:\/\/ds-barranquilla.org\/?s={search_term_string}\"},\"query-input\":\"required name=search_term_string\"}],\"inLanguage\":\"de\"},{\"@type\":\"Organization\",\"@id\":\"https:\/\/ds-barranquilla.org\/#organization\",\"name\":\"Colegio Alem\u00e1n Barranquilla\",\"url\":\"https:\/\/ds-barranquilla.org\/\",\"logo\":{\"@type\":\"ImageObject\",\"inLanguage\":\"de\",\"@id\":\"https:\/\/ds-barranquilla.org\/#\/schema\/logo\/image\/\",\"url\":\"https:\/\/ds-barranquilla.org\/wp-content\/uploads\/2021\/05\/coleman_logo_2.png\",\"contentUrl\":\"https:\/\/ds-barranquilla.org\/wp-content\/uploads\/2021\/05\/coleman_logo_2.png\",\"width\":418,\"height\":307,\"caption\":\"Colegio Alem\u00e1n Barranquilla\"},\"image\":{\"@id\":\"https:\/\/ds-barranquilla.org\/#\/schema\/logo\/image\/\"},\"sameAs\":[\"https:\/\/www.facebook.com\/ColegioAlemanBaq\/\",\"https:\/\/x.com\/ColegioAlemanBq\",\"https:\/\/www.instagram.com\/colegioalemanbaq\/\",\"https:\/\/www.linkedin.com\/school\/deutsche-schule-barranquilla\/\",\"https:\/\/www.youtube.com\/channel\/UCOOGZQCVs6aYRqIWvSN5agQ\"]}]}<\/script>\n<!-- \/ Yoast SEO plugin. -->","yoast_head_json":{"title":"Colegio Alem\u00e1n &#8211; Los Mejores Colegios de Colombia &#8211; Colegio Triling\u00fce","robots":{"index":"noindex","follow":"follow","max-snippet":"max-snippet:-1","max-image-preview":"max-image-preview:large","max-video-preview":"max-video-preview:-1"},"og_locale":"de_DE","og_type":"article","og_description":"[vc_row el_id=&#8221;1518412282489-fac8bdfc-ec8e&#8221;][vc_column][rev_slider_vc alias=&#8221;nuevo_home&#8221;][rev_slider_vc alias=&#8221;columnas&#8221;][\/vc_column][\/vc_row][vc_row full_width=&#8221;stretch_row&#8221; el_id=&#8221;1587063088847-6328c903-a83e&#8221; css=&#8221;.vc_custom_1587067096731{background-color: #f7f7f7 !important;}&#8221;][vc_column][vc_column_text] Pr\u00f3ximos Eventos [\/vc_column_text][vc_empty_space height=&#8221;20px&#8221;][\/vc_column][\/vc_row][vc_row full_width=&#8221;stretch_row&#8221; el_id=&#8221;1587574405319-7d266b7a-11ae&#8221; css=&#8221;.vc_custom_1587994277742{background-color: #ffffff !important;}&#8221;][vc_column width=&#8221;1\/2&#8243; css=&#8221;.vc_custom_1587586515840{background-color: #ffffff !important;}&#8221; offset=&#8221;vc_hidden-sm vc_hidden-xs&#8221;][vc_raw_html]JTVCTUVDJTIwaWQlM0QlMjIzNzUwJTIyJTVE[\/vc_raw_html][\/vc_column][vc_column width=&#8221;1\/2&#8243; css=&#8221;.vc_custom_1587586527357{background-color: [\u2026]","og_url":"https:\/\/ds-barranquilla.org\/de\/start\/","og_site_name":"Colegio Alem\u00e1n - Los Mejores Colegios de Colombia - Colegio Triling\u00fce","article_publisher":"https:\/\/www.facebook.com\/ColegioAlemanBaq\/","article_modified_time":"2021-12-16T15:42:38+00:00","twitter_card":"summary_large_image","twitter_site":"@ColegioAlemanBq","twitter_misc":{"Gesch\u00e4tzte Lesezeit":"1\u00a0Minute"},"schema":{"@context":"https:\/\/schema.org","@graph":[{"@type":"WebPage","@id":"https:\/\/ds-barranquilla.org\/start\/","url":"https:\/\/ds-barranquilla.org\/start\/","name":"","isPartOf":{"@id":"https:\/\/ds-barranquilla.org\/#website"},"datePublished":"2020-10-23T14:16:45+00:00","dateModified":"2021-12-16T15:42:38+00:00","breadcrumb":{"@id":"https:\/\/ds-barranquilla.org\/start\/#breadcrumb"},"inLanguage":"de","potentialAction":[{"@type":"ReadAction","target":["https:\/\/ds-barranquilla.org\/start\/"]}]},{"@type":"BreadcrumbList","@id":"https:\/\/ds-barranquilla.org\/start\/#breadcrumb","itemListElement":[{"@type":"ListItem","position":1,"name":"Portada","item":"https:\/\/ds-barranquilla.org\/"},{"@type":"ListItem","position":2,"name":"Start"}]},{"@type":"WebSite","@id":"https:\/\/ds-barranquilla.org\/#website","url":"https:\/\/ds-barranquilla.org\/","name":"Colegio Alem\u00e1n - Los Mejores Colegios de Colombia - Colegio Triling\u00fce","description":"Colegio Alem\u00e1n  Barranquilla Colombia - Colegio Biling\u00fce - Triling\u00fce - El Mejor Colegio de Colombia","publisher":{"@id":"https:\/\/ds-barranquilla.org\/#organization"},"potentialAction":[{"@type":"SearchAction","target":{"@type":"EntryPoint","urlTemplate":"https:\/\/ds-barranquilla.org\/?s={search_term_string}"},"query-input":"required name=search_term_string"}],"inLanguage":"de"},{"@type":"Organization","@id":"https:\/\/ds-barranquilla.org\/#organization","name":"Colegio Alem\u00e1n Barranquilla","url":"https:\/\/ds-barranquilla.org\/","logo":{"@type":"ImageObject","inLanguage":"de","@id":"https:\/\/ds-barranquilla.org\/#\/schema\/logo\/image\/","url":"https:\/\/ds-barranquilla.org\/wp-content\/uploads\/2021\/05\/coleman_logo_2.png","contentUrl":"https:\/\/ds-barranquilla.org\/wp-content\/uploads\/2021\/05\/coleman_logo_2.png","width":418,"height":307,"caption":"Colegio Alem\u00e1n Barranquilla"},"image":{"@id":"https:\/\/ds-barranquilla.org\/#\/schema\/logo\/image\/"},"sameAs":["https:\/\/www.facebook.com\/ColegioAlemanBaq\/","https:\/\/x.com\/ColegioAlemanBq","https:\/\/www.instagram.com\/colegioalemanbaq\/","https:\/\/www.linkedin.com\/school\/deutsche-schule-barranquilla\/","https:\/\/www.youtube.com\/channel\/UCOOGZQCVs6aYRqIWvSN5agQ"]}]}},"_links":{"self":[{"href":"https:\/\/ds-barranquilla.org\/de\/wp-json\/wp\/v2\/pages\/6141"}],"collection":[{"href":"https:\/\/ds-barranquilla.org\/de\/wp-json\/wp\/v2\/pages"}],"about":[{"href":"https:\/\/ds-barranquilla.org\/de\/wp-json\/wp\/v2\/types\/page"}],"author":[{"embeddable":true,"href":"https:\/\/ds-barranquilla.org\/de\/wp-json\/wp\/v2\/users\/16"}],"replies":[{"embeddable":true,"href":"https:\/\/ds-barranquilla.org\/de\/wp-json\/wp\/v2\/comments?post=6141"}],"version-history":[{"count":3,"href":"https:\/\/ds-barranquilla.org\/de\/wp-json\/wp\/v2\/pages\/6141\/revisions"}],"predecessor-version":[{"id":9301,"href":"https:\/\/ds-barranquilla.org\/de\/wp-json\/wp\/v2\/pages\/6141\/revisions\/9301"}],"wp:attachment":[{"href":"https:\/\/ds-barranquilla.org\/de\/wp-json\/wp\/v2\/media?parent=6141"}],"curies":[{"name":"wp","href":"https:\/\/api.w.org\/{rel}","templated":true}]}}